{"id":92,"date":"2020-09-01T18:55:21","date_gmt":"2020-09-01T16:55:21","guid":{"rendered":"https:\/\/arapharmafrance.com\/web\/?page_id=92"},"modified":"2024-03-08T11:19:29","modified_gmt":"2024-03-08T10:19:29","slug":"services","status":"publish","type":"page","link":"https:\/\/arapharmafrance.com\/web\/services\/","title":{"rendered":"Services"},"content":{"rendered":"<p style=\"padding: 15px 0;\">\n<div class=\"featured_image_holder rounded_image img_loaded\"><img loading=\"lazy\" decoding=\"async\" class=\"aligncenter\" style=\"float: left; margin-right: 10px;\" src=\"https:\/\/arafarma.com\/wp-content\/uploads\/2021\/05\/ico-servicios.png\" alt=\"\" width=\"64\" height=\"64\" \/><\/div>\n<h1 style=\"color: #004890; margin: 15px 0px 10px 80px;\"><strong>SERVICES<\/strong><\/h1>\n<p class=\"ara_ptac\">Gr\u00e2ce \u00e0 son exp\u00e9rience \u00e9tendue dans l&rsquo;industrie, Arafarma propose des services dans diff\u00e9rents domaines. <\/p>\n<p style=\"padding: 15px 0;\">\n<div class=\"featured_image_holder rounded_image img_loaded\"><img loading=\"lazy\" decoding=\"async\" class=\"aligncenter\" style=\"float: left; margin-right: 10px;\" src=\"https:\/\/arafarma.com\/wp-content\/uploads\/2021\/05\/ico-consultoria.png\" alt=\"\" width=\"64\" height=\"64\" \/><\/div>\n<h1 style=\"color: #004890; margin: 15px 0px 10px 80px;\"><strong>EXPERTISE-CONSEIL<\/strong><\/h1>\n<p class=\"ara_ptac\">La strat\u00e9gie commerciale d\u2019 Arafarma Groupe comprend la collaboration avec diff\u00e9rents partenaires dans des projets pharmacologiques projets pharmaceutiques dans divers domaines th\u00e9rapeutiques, en se basant sur la r\u00e8gle du GAGNANT-GAGNANT.<\/p>\n<p class=\"ara_ptac\">Arafarma Group apporte son expertise dans :<\/p>\n<ul style=\"font-size: 16px;\">\n<li><strong>La recherche chimique, gal\u00e9nique et clinique.<\/strong><\/li>\n<li><strong>La pr\u00e9sentation et l&rsquo;obtention de brevets.<\/strong><\/li>\n<li><strong>La capacit\u00e9 d&rsquo;industrialisation des projets.<\/strong><\/li>\n<li><strong>L&rsquo;exp\u00e9rience en Affaires R\u00e9glementaires et l&rsquo;approbation des enregistrements.<\/strong><\/li>\n<\/ul>\n<p> Nous sommes sp\u00e9cialis\u00e9s dans la fourniture de services de recherche et\/ou de fabrication sous contrat, permettant la commercialisation de produits innovants et tr\u00e8s prometteurs.<\/p>\n<p style=\"padding: 15px 0;\">\n<div class=\"featured_image_holder rounded_image img_loaded\"><img loading=\"lazy\" decoding=\"async\" class=\"aligncenter\" style=\"float: left; margin-right: 10px;\" src=\"https:\/\/arafarma.com\/wp-content\/uploads\/2021\/05\/ico-produccion.png\" alt=\"\" width=\"64\" height=\"64\" \/><\/div>\n<h1 style=\"color: #004890; margin: 15px 0px 10px 80px;\"><strong>PRODUCTION<\/strong><\/h1>\n<p class=\"ara_ptac\"><strong>L&rsquo;usine de fabrication d\u2019Arafarma Group est constitu\u00e9 d&rsquo;installations de pointe et d&rsquo;\u00e9quipements sur mesure. <\/strong><\/p>\n<p class=\"ara_ptac\">Elle est compos\u00e9e de :<\/p>\n<p class=\"ara_ptac\" style=\"padding-left: 50px;\">1\u00ba) Une zone de synth\u00e8se chimique et une autre de fermentation des processus biotechnologiques pour la production de mati\u00e8res premi\u00e8res.<br \/>\n2\u00ba) Une usine pharmaceutique pour la production de formes solides et semi-solides, orales et topiques.<\/p>\n<p class=\"ara_ptac\">En plus de notre production interne, nous pouvons offrir la fabrication avec des lots de diff\u00e9rentes \u00e9chelles, qu&rsquo;il s&rsquo;agisse de lots pilotes ou de lots industriels afin de faciliter l&rsquo;enregistrement des produits, y compris les contr\u00f4les de qualit\u00e9 n\u00e9cessaires et la garantie de qualit\u00e9 correspondante.<\/p>\n<p class=\"ara_ptac\">Parmi les formes pharmaceutiques fabriqu\u00e9es, on trouve : des pellets, des granul\u00e9s, des comprim\u00e9s, des comprim\u00e9s effervescents, des capsules, des sachets monodoses, des liquides, des suspensions, des a\u00e9rosols, des gels, des pommades, etc.<\/p>\n<p style=\"padding: 15px 0;\">\n<div class=\"featured_image_holder rounded_image img_loaded\"><img loading=\"lazy\" decoding=\"async\" class=\"aligncenter\" style=\"float: left; margin-right: 10px;\" src=\"https:\/\/arafarma.com\/wp-content\/uploads\/2021\/05\/ico-regulatory.png\" alt=\"\" width=\"64\" height=\"64\" \/><\/div>\n<h1 style=\"color: #004890; margin: 15px 0px 10px 80px;\"><strong>AFFAIRES R\u00c9GLEMENTAIRES <\/strong><\/h1>\n<p class=\"ara_ptac\">Les Affaires r\u00e9glementaires sont le <strong>d\u00e9partement<\/strong> charg\u00e9 de la <strong>soumission et du suivi des enregistrements<\/strong> jusqu&rsquo;\u00e0 leur approbation, ainsi que de leur maintenance dans le temps.<\/p>\n<p class=\"ara_ptac\">Une gestion rapide et efficace dans le domaine des Affaires r\u00e9glementaires, soutenue par la comp\u00e9tence de nos sp\u00e9cialistes et leur exp\u00e9rience dans les domaines de la qualit\u00e9, de la clinique, de la fabrication et de l&rsquo;enregistrement de produits pharmaceutiques \u00e9thiques, g\u00e9n\u00e9riques, publicitaires, de dispositifs m\u00e9dicaux, etc. <\/p>\n<p class=\"ara_ptac\">Ce d\u00e9partement fournit une <strong>solution rapide et efficace<\/strong> pour les services sp\u00e9cialis\u00e9s demand\u00e9s par les laboratoires pharmaceutiques, en tenant compte du fait que chaque projet collaboratif repr\u00e9sente un processus cl\u00e9 pour nos clients.<\/p>\n<p class=\"ara_ptac\">Arafarma Group propose dans le domaine des Affaires r\u00e9glementaires :<\/p>\n<p class=\"ara_ptac\">\n<ul style=\"font-size: 16px;\">\n<li><strong>Conception des dossiers d&rsquo;enregistrement.<\/strong><\/li>\n<li><strong>D\u00e9veloppement complet de l&rsquo;enregistrement d&rsquo;une sp\u00e9cialit\u00e9 pharmaceutique (\u00e9thique, g\u00e9n\u00e9rique, publicitaire, etc.), \u00e0 la fois dans sa partie exp\u00e9rimentale et documentaire.<\/strong><\/li>\n<li><strong>Pr\u00e9paration de la documentation du dossier d&rsquo;enregistrement de l&rsquo;autorisation de mise sur le march\u00e9.<\/strong><\/li>\n<li><strong>Validation et pr\u00e9sentation des dossiers d&rsquo;enregistrement.<\/strong><\/li>\n<\/ul>\n<p style=\"padding: 15px 0;\">\n<div class=\"featured_image_holder rounded_image img_loaded\"><img loading=\"lazy\" decoding=\"async\" class=\"aligncenter\" style=\"float: left; margin-right: 10px;\" src=\"https:\/\/arafarma.com\/wp-content\/uploads\/2021\/05\/ico-desarrollo.png\" alt=\"\" width=\"64\" height=\"64\" \/><\/div>\n<h1 style=\"color: #004890; margin: 15px 0px 10px 80px;\"><strong>D\u00c9VELOPPEMENT DES AFFAIRES<\/strong><\/h1>\n<p class=\"ara_ptac\">Arafarma Group consid\u00e8re les visites m\u00e9dicales comme essentielles pour <strong>\u00e9tablir des liens avec les diff\u00e9rentes sp\u00e9cialit\u00e9s<\/strong> et pr\u00e9senter ses produits et nouveaut\u00e9s. De plus, elle participe \u00e9galement aux diff\u00e9rents congr\u00e8s et foires pharmaceutiques organis\u00e9s dans tout le pays afin d&rsquo;atteindre tous les professionnels du secteur et de faire conna\u00eetre les diff\u00e9rents lancements en cours.<\/p>\n<p class=\"ara_ptac\">Par ailleurs, le <strong>d\u00e9veloppement international<\/strong> repr\u00e9sente l&rsquo;une des voies d&rsquo;expansion choisies par Arafarma Group pour sa <strong>croissance et sa consolidation.<\/strong> La commercialisation se fait par le biais de partenariats strat\u00e9giques au niveau local avec des licenci\u00e9s et des distributeurs sp\u00e9cialis\u00e9s dans chaque territoire. <\/p>\n<p style=\"padding: 15px 0;\">\n","protected":false},"excerpt":{"rendered":"<p>SERVICES Gr\u00e2ce \u00e0 son exp\u00e9rience \u00e9tendue dans l&rsquo;industrie, Arafarma propose des services dans diff\u00e9rents domaines. EXPERTISE-CONSEIL La strat\u00e9gie commerciale d\u2019 Arafarma Groupe comprend la collaboration avec diff\u00e9rents partenaires dans des projets pharmacologiques projets pharmaceutiques dans divers domaines th\u00e9rapeutiques, en se basant sur la r\u00e8gle du GAGNANT-GAGNANT. Arafarma Group apporte son expertise dans : La recherche [&hellip;]<\/p>\n","protected":false},"author":1,"featured_media":0,"parent":0,"menu_order":0,"comment_status":"closed","ping_status":"closed","template":"","meta":{"footnotes":""},"class_list":["post-92","page","type-page","status-publish","hentry"],"_links":{"self":[{"href":"https:\/\/arapharmafrance.com\/web\/wp-json\/wp\/v2\/pages\/92","targetHints":{"allow":["GET"]}}],"collection":[{"href":"https:\/\/arapharmafrance.com\/web\/wp-json\/wp\/v2\/pages"}],"about":[{"href":"https:\/\/arapharmafrance.com\/web\/wp-json\/wp\/v2\/types\/page"}],"author":[{"embeddable":true,"href":"https:\/\/arapharmafrance.com\/web\/wp-json\/wp\/v2\/users\/1"}],"replies":[{"embeddable":true,"href":"https:\/\/arapharmafrance.com\/web\/wp-json\/wp\/v2\/comments?post=92"}],"version-history":[{"count":15,"href":"https:\/\/arapharmafrance.com\/web\/wp-json\/wp\/v2\/pages\/92\/revisions"}],"predecessor-version":[{"id":336,"href":"https:\/\/arapharmafrance.com\/web\/wp-json\/wp\/v2\/pages\/92\/revisions\/336"}],"wp:attachment":[{"href":"https:\/\/arapharmafrance.com\/web\/wp-json\/wp\/v2\/media?parent=92"}],"curies":[{"name":"wp","href":"https:\/\/api.w.org\/{rel}","templated":true}]}}