{"id":90,"date":"2020-09-01T18:49:55","date_gmt":"2020-09-01T16:49:55","guid":{"rendered":"https:\/\/arapharmafrance.com\/web\/?page_id=90"},"modified":"2024-03-08T11:37:21","modified_gmt":"2024-03-08T10:37:21","slug":"notre-enterprise","status":"publish","type":"page","link":"https:\/\/arapharmafrance.com\/web\/notre-enterprise\/","title":{"rendered":"Notre Entreprise"},"content":{"rendered":"<div class=\"featured_image_holder rounded_image img_loaded\"><img loading=\"lazy\" decoding=\"async\" class=\"aligncenter\" style=\"float: left; margin-right: 10px;\" src=\"https:\/\/arafarma.com\/wp-content\/uploads\/2021\/05\/ico-nuestra-empresa.png\" alt=\"\" width=\"64\" height=\"64\" \/><\/div>\n<h1 style=\"color: #004890; margin: 30px 0px 10px 80px;\"><strong>NOTRE ENTREPRISE <\/strong><\/h1>\n<p class=\"ara_ptac\"><strong>Arafarma Group<\/strong> est une entreprise espagnole fond\u00e9e en 2004, <strong>sp\u00e9cialis\u00e9e dans les sciences de la sant\u00e9<\/strong> et d\u00e9di\u00e9e \u00e0 la recherche, au d\u00e9veloppement, \u00e0 la fabrication et \u00e0 la commercialisation de m\u00e9dicaments, de compl\u00e9ments alimentaires et de produits sanitaires. <strong>Nous couvrons un large \u00e9ventail de domaines th\u00e9rapeutiques,<\/strong> notamment le domaine de la <strong>douleur<\/strong>, la branche <strong>ost\u00e9oarticulaire<\/strong> et la branche <strong>uro-gyn\u00e9cologique. Notre objectif<\/strong> est la recherche, le d\u00e9veloppement et l&rsquo;innovation de produits visant \u00e0 <strong>am\u00e9liorer la qualit\u00e9 de vie.<\/strong><\/p>\n<p style=\"padding: 15px 0;\">\n<div class=\"featured_image_holder rounded_image img_loaded\"><img loading=\"lazy\" decoding=\"async\" class=\"aligncenter\" style=\"float: left; margin-right: 10px;\" src=\"https:\/\/arafarma.com\/wp-content\/uploads\/2021\/05\/ico-mision-vision-valores-2.png\" alt=\"\" width=\"64\" height=\"64\" \/><\/div>\n<h1 style=\"color: #004890; margin: 15px 0px 10px 80px;\"><strong>MISSION, VISION ET VALEURS<\/strong><\/h1>\n<h3><strong>Mission :<\/strong><\/h3>\n<p class=\"ara_ptac\">Am\u00e9liorer la sant\u00e9 des personnes gr\u00e2ce \u00e0 l&rsquo;INNOVATION et \u00e0 la grande QUALIT\u00c9 des m\u00e9dicaments, des produits sanitaires et des compl\u00e9ments alimentaires que nous produisons pour r\u00e9soudre de vrais probl\u00e8mes.\n<\/p>\n<h3><strong>Vision : <\/strong><\/h3>\n<p class=\"ara_ptac\">Devenir un centre de connaissance des sciences de la vie, tant au niveau national qu&rsquo;international, engag\u00e9 socialement et ouvert \u00e0 des partenariats strat\u00e9giques dans le but de mener des projets th\u00e9rapeutiques innovants pour la soci\u00e9t\u00e9, tout en favorisant le d\u00e9veloppement professionnel et humain de nos collaborateurs.\n<\/p>\n<h3><strong>Valeurs :<\/strong><\/h3>\n<p class=\"ara_ptac\">La principale valeur de l&rsquo;entreprise est l&rsquo;\u00e9quipe humaine et les caract\u00e9ristiques qui nous d\u00e9finissent. L&rsquo;enthousiasme, la cr\u00e9ativit\u00e9, l&rsquo;\u00e9thique, l&rsquo;effort, le professionnalisme, la confiance et le travail d&rsquo;\u00e9quipe sont quelques-unes des valeurs que nous recherchons dans notre \u00e9quipe et que nous consid\u00e9rons fondamentales aussi bien dans les moments de r\u00e9ussite que dans les difficult\u00e9s.<\/p>\n<p style=\"padding: 15px 0;\">\n<div class=\"featured_image_holder rounded_image img_loaded\"><img loading=\"lazy\" decoding=\"async\" class=\"aligncenter\" style=\"float: left; margin-right: 10px;\" src=\"https:\/\/arafarma.com\/wp-content\/uploads\/2021\/04\/ma2.png\" alt=\"\" width=\"64\" height=\"64\" \/><\/div>\n<h1 style=\"color: #004890; margin: 15px 0px 10px 80px;\"><strong>ENVIRONNEMENT<\/strong><\/h1>\n<p class=\"ara_ptac\">Arafarma Group s&rsquo;engage en faveur de l&rsquo;environnement \u00e0 travers une politique environnementale mise en pratique par :\n<\/p>\n<ul class=\"ara_ptac\" style=\"padding-left: 50px;\">\n<li>Le recyclage des mat\u00e9riaux <\/li>\n<li>La minimisation des \u00e9missions <\/li>\n<li>L&rsquo;\u00e9conomie d&rsquo;\u00e9nergie<\/li>\n<\/ul>\n<hr>\n<p><span class=\"icon-video\"><\/span><strong> Clients qui ont d\u00e9j\u00e0 choisi Imagina Energ\u00eda : Arafarma<\/strong><\/p>\n<div class=\"embed-container\">\n<center><iframe loading=\"lazy\" width=\"560\" height=\"315\" src=\"https:\/\/www.youtube.com\/embed\/sWFF36PEIJs\" title=\"YouTube video player\" frameborder=\"0\" allow=\"accelerometer; autoplay; clipboard-write; encrypted-media; gyroscope; picture-in-picture\" allowfullscreen><\/iframe><br \/>\n<\/center>\n<\/div>\n<p class=\"ara_ptac\"><i>Arafarma, un laboratoire pharmaceutique sp\u00e9cialis\u00e9 dans les m\u00e9dicaments et les compl\u00e9ments alimentaires, fait partie de ceux qui font confiance \u00e0 Imagina Energ\u00eda pour mener leur transition vers l&rsquo;\u00e9nergie solaire. <\/p>\n<p>En collaboration avec Imagina Energ\u00eda, Arafarma renforce son engagement en faveur de l&rsquo;environnement et investit dans la transition \u00e9nerg\u00e9tique avec un projet d&rsquo;autoconsommation solaire sur son site de Guadalajara, assurant ainsi une puissance de 446 kW.<\/i><\/p>\n<p><!-- \n\n\n<ul>\n\n<li><a href=\"https:\/\/arapharmafrance.com\/web\/qui-nous-sommes\/\" data-type=\"URL\" data-id=\"https:\/\/arapharmafrance.com\/web\/qui-nous-sommes\/\">Qui Nous Sommes<\/a><\/li>\n\n\n\n<li><a href=\"https:\/\/arapharmafrance.com\/web\/historique\/\" data-type=\"URL\" data-id=\"https:\/\/arapharmafrance.com\/web\/historique\/\">Historique<\/a><\/li>\n\n\n\n<li><a href=\"https:\/\/arapharmafrance.com\/web\/mission-vision-et-valeurs\/\" data-type=\"URL\" data-id=\"https:\/\/arapharmafrance.com\/web\/mission-vision-et-valeurs\/\">Mission,vision et valeurs<\/a><\/li>\n\n\n\n<li><a href=\"https:\/\/arapharmafrance.com\/web\/environnement\/\" data-type=\"URL\" data-id=\"https:\/\/arapharmafrance.com\/web\/environnement\/\">Environnement<\/a><\/li>\n\n<\/ul>\n\n\n --><\/p>\n","protected":false},"excerpt":{"rendered":"<p>NOTRE ENTREPRISE Arafarma Group est une entreprise espagnole fond\u00e9e en 2004, sp\u00e9cialis\u00e9e dans les sciences de la sant\u00e9 et d\u00e9di\u00e9e \u00e0 la recherche, au d\u00e9veloppement, \u00e0 la fabrication et \u00e0 la commercialisation de m\u00e9dicaments, de compl\u00e9ments alimentaires et de produits sanitaires. Nous couvrons un large \u00e9ventail de domaines th\u00e9rapeutiques, notamment le domaine de la douleur, [&hellip;]<\/p>\n","protected":false},"author":1,"featured_media":0,"parent":0,"menu_order":0,"comment_status":"closed","ping_status":"closed","template":"","meta":{"footnotes":""},"class_list":["post-90","page","type-page","status-publish","hentry"],"_links":{"self":[{"href":"https:\/\/arapharmafrance.com\/web\/wp-json\/wp\/v2\/pages\/90","targetHints":{"allow":["GET"]}}],"collection":[{"href":"https:\/\/arapharmafrance.com\/web\/wp-json\/wp\/v2\/pages"}],"about":[{"href":"https:\/\/arapharmafrance.com\/web\/wp-json\/wp\/v2\/types\/page"}],"author":[{"embeddable":true,"href":"https:\/\/arapharmafrance.com\/web\/wp-json\/wp\/v2\/users\/1"}],"replies":[{"embeddable":true,"href":"https:\/\/arapharmafrance.com\/web\/wp-json\/wp\/v2\/comments?post=90"}],"version-history":[{"count":20,"href":"https:\/\/arapharmafrance.com\/web\/wp-json\/wp\/v2\/pages\/90\/revisions"}],"predecessor-version":[{"id":324,"href":"https:\/\/arapharmafrance.com\/web\/wp-json\/wp\/v2\/pages\/90\/revisions\/324"}],"wp:attachment":[{"href":"https:\/\/arapharmafrance.com\/web\/wp-json\/wp\/v2\/media?parent=90"}],"curies":[{"name":"wp","href":"https:\/\/api.w.org\/{rel}","templated":true}]}}