{"id":26,"date":"2020-08-28T16:50:36","date_gmt":"2020-08-28T14:50:36","guid":{"rendered":"https:\/\/arapharmafrance.com\/web\/?page_id=26"},"modified":"2020-08-28T16:50:37","modified_gmt":"2020-08-28T14:50:37","slug":"production","status":"publish","type":"page","link":"https:\/\/arapharmafrance.com\/web\/production\/","title":{"rendered":"PRODUCTION"},"content":{"rendered":"\n<p>L\u2019usine de production d\u2019Arafarma Group est compos\u00e9e d\u2019installations de pointe et d\u2019\u00e9quipements sur mesure constitu\u00e9e par:<br>1\u00ba) Une zone de synth\u00e8se chimique et une autre de fermentation de proc\u00e9d\u00e9s biotechnologiques pour la production de mati\u00e8res premi\u00e8res.<br>2\u00ba) Une usine pharmaceutique pour la production de formes solides et semi-solides, orales et topiques.<br>3\u00ba) Une usine de test diagnostique.<br>En plus de notre production interne, nous pouvons offrir une fabrication de lots \u00e0 diff\u00e9rentes \u00e9chelle, qu\u2019il s\u2019agisse de lots pilotes ou de lots industriels afin de faciliter l\u2019enregistrement des produits, y compris les contr\u00f4les de qualit\u00e9 n\u00e9cessaires et assurer la garantie de qualit\u00e9 correspondante. Les lots sont fabriqu\u00e9s sous les formes pharmaceutiques suivantes : pastilles, granul\u00e9s, comprim\u00e9s, comprim\u00e9s effervescents, capsules, sachets unidose liquides, suspensions, a\u00e9rosols, gels, les onguents, etc. L\u2019assurance de la qualit\u00e9 est le syst\u00e8me implant\u00e9 qui garantit que les produits fabriqu\u00e9s respectent toutes les exigences autoris\u00e9es, depuis la fourniture des mat\u00e9riaux jusqu\u2019\u00e0 la commercialisation du produit fini, apr\u00e8s des essais de stabilit\u00e9 dans toutes les conditions ICH, ainsi que la stabilit\u00e9 \u00e0 long terme des produits en utilisant les techniques d\u2019analyse correspondantes pour l\u2019enregistrement.<\/p>\n","protected":false},"excerpt":{"rendered":"<p>L\u2019usine de production d\u2019Arafarma Group est compos\u00e9e d\u2019installations de pointe et d\u2019\u00e9quipements sur mesure constitu\u00e9e par:1\u00ba) Une zone de synth\u00e8se chimique et une autre de fermentation de proc\u00e9d\u00e9s biotechnologiques pour la production de mati\u00e8res premi\u00e8res.2\u00ba) Une usine pharmaceutique pour la production de formes solides et semi-solides, orales et topiques.3\u00ba) Une usine de test diagnostique.En plus [&hellip;]<\/p>\n","protected":false},"author":1,"featured_media":0,"parent":0,"menu_order":0,"comment_status":"closed","ping_status":"closed","template":"","meta":{"footnotes":""},"class_list":["post-26","page","type-page","status-publish","hentry"],"_links":{"self":[{"href":"https:\/\/arapharmafrance.com\/web\/wp-json\/wp\/v2\/pages\/26","targetHints":{"allow":["GET"]}}],"collection":[{"href":"https:\/\/arapharmafrance.com\/web\/wp-json\/wp\/v2\/pages"}],"about":[{"href":"https:\/\/arapharmafrance.com\/web\/wp-json\/wp\/v2\/types\/page"}],"author":[{"embeddable":true,"href":"https:\/\/arapharmafrance.com\/web\/wp-json\/wp\/v2\/users\/1"}],"replies":[{"embeddable":true,"href":"https:\/\/arapharmafrance.com\/web\/wp-json\/wp\/v2\/comments?post=26"}],"version-history":[{"count":1,"href":"https:\/\/arapharmafrance.com\/web\/wp-json\/wp\/v2\/pages\/26\/revisions"}],"predecessor-version":[{"id":27,"href":"https:\/\/arapharmafrance.com\/web\/wp-json\/wp\/v2\/pages\/26\/revisions\/27"}],"wp:attachment":[{"href":"https:\/\/arapharmafrance.com\/web\/wp-json\/wp\/v2\/media?parent=26"}],"curies":[{"name":"wp","href":"https:\/\/api.w.org\/{rel}","templated":true}]}}