{"id":24,"date":"2020-08-28T16:49:58","date_gmt":"2020-08-28T14:49:58","guid":{"rendered":"https:\/\/arapharmafrance.com\/web\/?page_id=24"},"modified":"2020-08-28T16:49:59","modified_gmt":"2020-08-28T14:49:59","slug":"consulting","status":"publish","type":"page","link":"https:\/\/arapharmafrance.com\/web\/consulting\/","title":{"rendered":"CONSULTING"},"content":{"rendered":"\n<p>Arafarma Group fonde sa strat\u00e9gie commerciale sur sa collaboration avec diff\u00e9rents partenaires qui travaillent ensemble sur des projets pharmacologiques dans diff\u00e9rents domaines th\u00e9rapeutiques ou produits visant toujours \u00e0 am\u00e9liorer la qualit\u00e9 de vie. Arafarma applique la r\u00e8gle gagnant-gagnant, apportant son exp\u00e9rience dans la recherche chimique, gal\u00e9nique et clinique, dans la pr\u00e9sentation et l\u2019obtention des brevets et dans la capacit\u00e9 de mat\u00e9rialiser les projets industriels, en plus de l\u2019exp\u00e9rience dans les affaires r\u00e9glementaires (AR) et l\u2019approbation des inscriptions, r\u00e9alisant ainsi la commercialisation de produits innovants avec un grand espoir de r\u00e9ussite.<br>Nous sommes sp\u00e9cialis\u00e9s dans l\u2019offre de services de recherche et\/ou de fabrication sous contrat en particulier en utilisant nos technologies \u00e0 lib\u00e9ration retard\u00e9e et \u00e0 lib\u00e9ration lente. Nous consid\u00e9rons la coop\u00e9ration avec nos clients comme l\u2019\u00e9l\u00e9ment central de notre croissance et progr\u00e8s, r\u00e9ciproquement, assurant l\u2019avenir de notre entreprise et sa comp\u00e9titivit\u00e9.<\/p>\n","protected":false},"excerpt":{"rendered":"<p>Arafarma Group fonde sa strat\u00e9gie commerciale sur sa collaboration avec diff\u00e9rents partenaires qui travaillent ensemble sur des projets pharmacologiques dans diff\u00e9rents domaines th\u00e9rapeutiques ou produits visant toujours \u00e0 am\u00e9liorer la qualit\u00e9 de vie. Arafarma applique la r\u00e8gle gagnant-gagnant, apportant son exp\u00e9rience dans la recherche chimique, gal\u00e9nique et clinique, dans la pr\u00e9sentation et l\u2019obtention des brevets [&hellip;]<\/p>\n","protected":false},"author":1,"featured_media":0,"parent":0,"menu_order":0,"comment_status":"closed","ping_status":"closed","template":"","meta":{"footnotes":""},"class_list":["post-24","page","type-page","status-publish","hentry"],"_links":{"self":[{"href":"https:\/\/arapharmafrance.com\/web\/wp-json\/wp\/v2\/pages\/24","targetHints":{"allow":["GET"]}}],"collection":[{"href":"https:\/\/arapharmafrance.com\/web\/wp-json\/wp\/v2\/pages"}],"about":[{"href":"https:\/\/arapharmafrance.com\/web\/wp-json\/wp\/v2\/types\/page"}],"author":[{"embeddable":true,"href":"https:\/\/arapharmafrance.com\/web\/wp-json\/wp\/v2\/users\/1"}],"replies":[{"embeddable":true,"href":"https:\/\/arapharmafrance.com\/web\/wp-json\/wp\/v2\/comments?post=24"}],"version-history":[{"count":1,"href":"https:\/\/arapharmafrance.com\/web\/wp-json\/wp\/v2\/pages\/24\/revisions"}],"predecessor-version":[{"id":25,"href":"https:\/\/arapharmafrance.com\/web\/wp-json\/wp\/v2\/pages\/24\/revisions\/25"}],"wp:attachment":[{"href":"https:\/\/arapharmafrance.com\/web\/wp-json\/wp\/v2\/media?parent=24"}],"curies":[{"name":"wp","href":"https:\/\/api.w.org\/{rel}","templated":true}]}}