{"id":22,"date":"2020-08-28T16:48:15","date_gmt":"2020-08-28T14:48:15","guid":{"rendered":"https:\/\/arapharmafrance.com\/web\/?page_id=22"},"modified":"2020-08-28T16:48:15","modified_gmt":"2020-08-28T14:48:15","slug":"rd","status":"publish","type":"page","link":"https:\/\/arapharmafrance.com\/web\/rd\/","title":{"rendered":"R&#038;D"},"content":{"rendered":"\n<p>Arafarma Group \u00e9tudie, recherche et d\u00e9veloppe constamment des r\u00e9ponses aux probl\u00e8mes des \u00eatres humains dans le but d&rsquo;am\u00e9liorer la qualit\u00e9 de vie, la s\u00e9curit\u00e9 et le bien-\u00eatre des personnes. L&rsquo;organisation et la capacit\u00e9 scientifiques mise au service de Arafarma Group a permis \u00e0 l&rsquo;\u00e9quipe de Sp\u00e9cialistes en Recherche de d\u00e9velopper avec succ\u00e8s des m\u00e9dicaments, des produits sanitaires, di\u00e9t\u00e9tiques et de dermopharmacie, des suppl\u00e9ments nutritionnels et alimentaires.<\/p>\n\n\n\n<p>Ce d\u00e9veloppement implique une s\u00e9rie d&rsquo;\u00e9tapes pr\u00e9liminaires telles que l&rsquo;obtention de mol\u00e9cules, les \u00e9tudes pharmaco-toxicologiques, le d\u00e9veloppement gal\u00e9nique des futurs produits pharmaceutiques et les essais cliniques d\u00e9montrant la s\u00e9curit\u00e9 et l&rsquo;efficacit\u00e9 du produit d\u00e9velopp\u00e9.<\/p>\n\n\n\n<p>Le domaine de la Recherche au sein du Groupe Arafarma est organis\u00e9 en plusieurs d\u00e9partements :<\/p>\n\n\n\n<p><strong>1- D\u00e9couverte :<\/strong><\/p>\n\n\n\n<p>Groupe de scientifiques et de commerciaux dot\u00e9s d\u2019une longue trajectoire professionnelle qui \u00e9valuent le potentiel des alternatives \u00e0 pr\u00e9senter pour le d\u00e9veloppement des produits.<\/p>\n\n\n\n<p><strong>2- Recherche Chimie et Biotechnologie:<\/strong><\/p>\n\n\n\n<p>D\u00e9veloppement de synth\u00e8se, processus et interm\u00e9diaires de synth\u00e8se pour l&rsquo;obtention des mol\u00e9cules d\u00e9sir\u00e9es en laboratoire, dans l&rsquo;usine pilote et dans l&rsquo;usine industrielle, avec la caract\u00e9risation, l&rsquo;analyse et le contr\u00f4le qui en r\u00e9sultent, le tout suivi par le d\u00e9partement de Contr\u00f4le de qualit\u00e9, afin d&rsquo;obtenir un EDMF et une production conforme aux normes GMP.<\/p>\n\n\n\n<p><strong>3- Recherche pharmacologique :<\/strong><\/p>\n\n\n\n<p>Ce D\u00e9partement se concentre sur l&rsquo;\u00e9tude de l&rsquo;activit\u00e9 des mol\u00e9cules s\u00e9lectionn\u00e9es potentielles et futures, r\u00e9sultat d&rsquo;une s\u00e9lection de possibles nouveaux principes actifs&nbsp; et des r\u00e9sultats obtenus de leurs caract\u00e9ristiques pharmacodynamique, toxicologique et pharmacocin\u00e9tique, apr\u00e8s avoir r\u00e9alis\u00e9 les \u00e9tudes pr\u00e9cliniques correspondantes. Ces r\u00e9sultats r\u00e9pondent aux attentes des scientifiques du d\u00e9partement de D\u00e9couverte.<\/p>\n\n\n\n<p><strong>4- Recherche Gal\u00e9nique :<\/strong><\/p>\n\n\n\n<p>D\u00e9partement qui se concentre sur le d\u00e9veloppement des formes pharmaceutiques les plus appropri\u00e9es qui permettrons d\u2019obtenir la vectorisation du ou des &nbsp;principes actifs afin d\u2019atteindre une efficacit\u00e9 et une tol\u00e9rance maximales. Nous y \u00e9tudions conjointement avec les scientifiques et les commerciaux la s\u00e9lection de la forme pharmaceutique, les choix des excipients, les caract\u00e9ristiques physico-chimiques et organoleptiques souhaitables, et la meilleure stabilit\u00e9 du principe actif. Ce d\u00e9partement \u00e9value de plus l&rsquo;originalit\u00e9 de la pr\u00e9sentation pharmaceutique qui favorise l&rsquo;adh\u00e9rence et le respect de la posologie, diff\u00e9renciant le reste des concurrents sur le march\u00e9.<\/p>\n\n\n\n<p><strong>5- Recherche clinique :<\/strong><\/p>\n\n\n\n<p>Il assure la conception et mise en \u0153uvre des \u00e9tudes n\u00e9cessaires pour d\u00e9montrer l&rsquo;innocuit\u00e9 et l&rsquo;efficacit\u00e9 des produits d\u00e9velopp\u00e9s avant leur commercialisation. En outre, il effectue dans les centres appropri\u00e9s les \u00e9tudes cliniques en phase I, II et III n\u00e9cessaires pour obtenir les autorisations et disposer des analyses statistiques des r\u00e9sultats obtenus, garantissant ainsi la confiance du produit et l&rsquo;autorisation pour le commercialiser.<\/p>\n\n\n\n<p><strong>Les lignes strat\u00e9giques pour le d\u00e9veloppement de produits du Groupe Arafarma sont :<\/strong><\/p>\n\n\n\n<ul class=\"wp-block-list\"><li><strong>Gyn\u00e9cologie et obst\u00e9trique<\/strong><\/li><li><strong>Urologie et Androg\u00e9nie<\/strong><\/li><li><strong>Dermatologie<\/strong><\/li><li><strong>Douleur ost\u00e9o-articulaire, traumatologie et rhumatologie<\/strong><\/li><li><strong>Tractus gastro-intestinal<\/strong><\/li><li><strong>Diagnostic clinique<\/strong><\/li><li><strong>Syst\u00e8me respiratoire<\/strong><\/li><li><strong>Ophtalmologie et ORL<\/strong><\/li><li><strong>Produits de soutien pour les patients pr\u00e9sentant des processus oncologiques, infectieux et vieillissants<\/strong><\/li><\/ul>\n","protected":false},"excerpt":{"rendered":"<p>Arafarma Group \u00e9tudie, recherche et d\u00e9veloppe constamment des r\u00e9ponses aux probl\u00e8mes des \u00eatres humains dans le but d&rsquo;am\u00e9liorer la qualit\u00e9 de vie, la s\u00e9curit\u00e9 et le bien-\u00eatre des personnes. L&rsquo;organisation et la capacit\u00e9 scientifiques mise au service de Arafarma Group a permis \u00e0 l&rsquo;\u00e9quipe de Sp\u00e9cialistes en Recherche de d\u00e9velopper avec succ\u00e8s des m\u00e9dicaments, des [&hellip;]<\/p>\n","protected":false},"author":1,"featured_media":0,"parent":0,"menu_order":0,"comment_status":"closed","ping_status":"closed","template":"","meta":{"footnotes":""},"class_list":["post-22","page","type-page","status-publish","hentry"],"_links":{"self":[{"href":"https:\/\/arapharmafrance.com\/web\/wp-json\/wp\/v2\/pages\/22","targetHints":{"allow":["GET"]}}],"collection":[{"href":"https:\/\/arapharmafrance.com\/web\/wp-json\/wp\/v2\/pages"}],"about":[{"href":"https:\/\/arapharmafrance.com\/web\/wp-json\/wp\/v2\/types\/page"}],"author":[{"embeddable":true,"href":"https:\/\/arapharmafrance.com\/web\/wp-json\/wp\/v2\/users\/1"}],"replies":[{"embeddable":true,"href":"https:\/\/arapharmafrance.com\/web\/wp-json\/wp\/v2\/comments?post=22"}],"version-history":[{"count":1,"href":"https:\/\/arapharmafrance.com\/web\/wp-json\/wp\/v2\/pages\/22\/revisions"}],"predecessor-version":[{"id":23,"href":"https:\/\/arapharmafrance.com\/web\/wp-json\/wp\/v2\/pages\/22\/revisions\/23"}],"wp:attachment":[{"href":"https:\/\/arapharmafrance.com\/web\/wp-json\/wp\/v2\/media?parent=22"}],"curies":[{"name":"wp","href":"https:\/\/api.w.org\/{rel}","templated":true}]}}