{"id":20,"date":"2020-08-28T16:46:39","date_gmt":"2020-08-28T14:46:39","guid":{"rendered":"https:\/\/arapharmafrance.com\/web\/?page_id=20"},"modified":"2020-08-28T16:46:40","modified_gmt":"2020-08-28T14:46:40","slug":"nutrivigilance","status":"publish","type":"page","link":"https:\/\/arapharmafrance.com\/web\/nutrivigilance\/","title":{"rendered":"NUTRIVIGILANCE"},"content":{"rendered":"\n<p>En cas d\u2019effet ind\u00e9sirable, Veuillez nous contacter sous 24 heures :<\/p>\n\n\n\n<p><strong>Tel.: +34 949 22 56 22<\/strong><\/p>\n\n\n\n<p><strong>Fax : +34 949 22 82 25<\/strong><\/p>\n\n\n\n<p><strong>Courriels:<\/strong><\/p>\n\n\n\n<p>Carlos Picornell Darder&nbsp; &nbsp; &nbsp; &nbsp; &nbsp; &nbsp; &nbsp; &nbsp; &nbsp; &nbsp;&nbsp;<a href=\"mailto:dt@arafarma.com?subject=Pharmacovigilance\">dt@arafarma.com<\/a><\/p>\n\n\n\n<p>Sara Picornell Silva&nbsp; &nbsp; &nbsp; &nbsp; &nbsp; &nbsp; &nbsp; &nbsp; &nbsp; &nbsp; &nbsp; &nbsp; &nbsp; &nbsp;<a href=\"mailto:clinicaldevelopment@arafarma.com?subject=Pharmacovigilance\">clinicaldevelopment@arafarma.com<\/a><\/p>\n\n\n\n<p><strong>Poste:<\/strong><\/p>\n\n\n\n<p>ARAFARMA GROUP S.A.<br>Service Nutrivigilance<br>C\/ Fray Gabriel de San Antonio, 6-10<br>Pol\u00edgono Industrial del Henares<br>19180 Marchamalo (Guadalajara) Espa\u00f1a<\/p>\n\n\n\n<p>Conform\u00e9ment \u00e0 notre politique de confidentialit\u00e9, en conformit\u00e9 avec la Loi Organique 15\/1999, du 13 d\u00e9cembre, sur la protection des donn\u00e9es personnelles, nous vous informons que vos donn\u00e9es personnelles seront trait\u00e9es et seront incorpor\u00e9es dans le fichier \u00a0\u00bb Nutrivigilance et donn\u00e9es sanitaires \u00ab\u00a0responsabilit\u00e9 des laboratoires Arafarma Group, S.A. enregistr\u00e9s \u00e0 l&rsquo;Agence Espagnole de Protection des Donn\u00e9es, dans le but de g\u00e9rer les effets ind\u00e9sirables\/situations particuli\u00e8res des m\u00e9dicaments et des incidents\/ Ev\u00e9nements cliniques concernant les autres produits de laboratoires <strong>Arafarma Group, S. A<\/strong>.<\/p>\n","protected":false},"excerpt":{"rendered":"<p>En cas d\u2019effet ind\u00e9sirable, Veuillez nous contacter sous 24 heures : Tel.: +34 949 22 56 22 Fax : +34 949 22 82 25 Courriels: Carlos Picornell Darder&nbsp; &nbsp; &nbsp; &nbsp; &nbsp; &nbsp; &nbsp; &nbsp; &nbsp; &nbsp;&nbsp;dt@arafarma.com Sara Picornell Silva&nbsp; &nbsp; &nbsp; &nbsp; &nbsp; &nbsp; &nbsp; &nbsp; &nbsp; &nbsp; &nbsp; &nbsp; &nbsp; &nbsp;clinicaldevelopment@arafarma.com Poste: ARAFARMA [&hellip;]<\/p>\n","protected":false},"author":1,"featured_media":0,"parent":0,"menu_order":0,"comment_status":"closed","ping_status":"closed","template":"","meta":{"footnotes":""},"class_list":["post-20","page","type-page","status-publish","hentry"],"_links":{"self":[{"href":"https:\/\/arapharmafrance.com\/web\/wp-json\/wp\/v2\/pages\/20","targetHints":{"allow":["GET"]}}],"collection":[{"href":"https:\/\/arapharmafrance.com\/web\/wp-json\/wp\/v2\/pages"}],"about":[{"href":"https:\/\/arapharmafrance.com\/web\/wp-json\/wp\/v2\/types\/page"}],"author":[{"embeddable":true,"href":"https:\/\/arapharmafrance.com\/web\/wp-json\/wp\/v2\/users\/1"}],"replies":[{"embeddable":true,"href":"https:\/\/arapharmafrance.com\/web\/wp-json\/wp\/v2\/comments?post=20"}],"version-history":[{"count":1,"href":"https:\/\/arapharmafrance.com\/web\/wp-json\/wp\/v2\/pages\/20\/revisions"}],"predecessor-version":[{"id":21,"href":"https:\/\/arapharmafrance.com\/web\/wp-json\/wp\/v2\/pages\/20\/revisions\/21"}],"wp:attachment":[{"href":"https:\/\/arapharmafrance.com\/web\/wp-json\/wp\/v2\/media?parent=20"}],"curies":[{"name":"wp","href":"https:\/\/api.w.org\/{rel}","templated":true}]}}