{"id":197,"date":"2021-11-30T10:49:16","date_gmt":"2021-11-30T09:49:16","guid":{"rendered":"https:\/\/arapharmafrance.com\/web\/?page_id=197"},"modified":"2025-03-27T11:55:54","modified_gmt":"2025-03-27T10:55:54","slug":"points-de-vente","status":"publish","type":"page","link":"https:\/\/arapharmafrance.com\/web\/points-de-vente\/","title":{"rendered":"POINTS DE VENTE"},"content":{"rendered":"<p style=\"padding: 15px 0;\">\n<div class=\"featured_image_holder rounded_image img_loaded\"><img loading=\"lazy\" decoding=\"async\" class=\"aligncenter\" style=\"float: left; margin-right: 10px;\" src=\"https:\/\/arapharmafrance.com\/web\/wp-content\/uploads\/2021\/11\/ico-puntos-de-venta.png\" alt=\"\" width=\"64\" height=\"64\"><\/div>\n<h1 style=\"color: #004890; margin: 15px 0px 10px 80px;\"><strong>POINTS DE VENTE<\/strong><\/h1>\n<p class=\"ara_ptac\">Si vous souhaitez conna\u00eetre le point de vente le plus proche vous pouvez nous contacter du lundi au vendredi de 8h00 \u00e0 17h00 au t\u00e9l\u00e9phone : 05 34 50 92 82.<\/p>\n<p style=\"padding: 15px 0;\">\n<div class=\"featured_image_holder rounded_image img_loaded\"><img loading=\"lazy\" decoding=\"async\" class=\"aligncenter\" style=\"float: left; margin-right: 10px;\" src=\"https:\/\/arapharmafrance.com\/web\/wp-content\/uploads\/2021\/11\/ico-venta-online.png\" alt=\"\" width=\"64\" height=\"64\"><\/div>\n<h1 style=\"color: #004890; margin: 15px 0px 10px 80px;\"><strong>POINTS DE VENTE EN LIGNE<\/strong><\/h1>\n<div><center><\/p>\n<div class=\"tabla\">\n<div class=\"fila\">\n<div class=\"columna\"><a href=\"https:\/\/www.atida.fr\/brand\/arafarma.html\" target=\"_blank\" rel=\"noopener\"><img decoding=\"async\" style=\"width: 300px;padding: 15px;\" src=\"https:\/\/arapharmafrance.com\/web\/wp-content\/uploads\/2025\/03\/logo-fr-atida.png\" alt=\"atida\"><\/a><\/div>\n<\/div>\n<div class=\"columna\"><a href=\"https:\/\/www.pharmaventilus.fr\" target=\"_blank\" rel=\"noopener\"><img decoding=\"async\" style=\"width: 300px;padding: 15px;\" src=\"https:\/\/arapharmafrance.com\/web\/wp-content\/uploads\/2021\/11\/pharmaventilus.png\" alt=\"pharmaventilus\"><\/a><\/div>\n<\/div>\n<div class=\"columna\"><a href=\"https:\/\/www.easyparapharmacie.com\/les-marques-de-parapharmacie\/arafarma.html\" target=\"_blank\" rel=\"noopener\"><img decoding=\"async\" style=\"width: 300px;padding: 15px;\" src=\"https:\/\/arapharmafrance.com\/web\/wp-content\/uploads\/2021\/11\/easyparapharmacie.png\" alt=\"easyparapharmacie\"><\/a><\/div>\n<div class=\"fila\">\n<div class=\"columna\"><a href=\"https:\/\/www.purepara.com\/fr\/441_arafarma\" target=\"_blank\" rel=\"noopener\"><img decoding=\"async\" style=\"width: 300px;padding: 15px;\" src=\"https:\/\/arapharmafrance.com\/web\/wp-content\/uploads\/2021\/11\/purepara.png\" alt=\"purepara\"><\/a><\/div>\n<\/div>\n<div class=\"fila\">\n<div class=\"columna\"><a href=\"https:\/\/www.parapromos.com\/arafarma.htm\" target=\"_blank\" rel=\"noopener\"><img decoding=\"async\" style=\"width: 300px;padding: 15px;\" src=\"https:\/\/arapharmafrance.com\/web\/wp-content\/uploads\/2021\/11\/parapromos.jpg\" alt=\"parapromos\"><\/a><\/div>\n<\/div>\n<\/div>\n<p><\/center><\/div>\n","protected":false},"excerpt":{"rendered":"<p>POINTS DE VENTE Si vous souhaitez conna\u00eetre le point de vente le plus proche vous pouvez nous contacter du lundi au vendredi de 8h00 \u00e0 17h00 au t\u00e9l\u00e9phone : 05 34 50 92 82. POINTS DE VENTE EN LIGNE<\/p>\n","protected":false},"author":1,"featured_media":0,"parent":0,"menu_order":0,"comment_status":"closed","ping_status":"closed","template":"","meta":{"footnotes":""},"class_list":["post-197","page","type-page","status-publish","hentry"],"_links":{"self":[{"href":"https:\/\/arapharmafrance.com\/web\/wp-json\/wp\/v2\/pages\/197","targetHints":{"allow":["GET"]}}],"collection":[{"href":"https:\/\/arapharmafrance.com\/web\/wp-json\/wp\/v2\/pages"}],"about":[{"href":"https:\/\/arapharmafrance.com\/web\/wp-json\/wp\/v2\/types\/page"}],"author":[{"embeddable":true,"href":"https:\/\/arapharmafrance.com\/web\/wp-json\/wp\/v2\/users\/1"}],"replies":[{"embeddable":true,"href":"https:\/\/arapharmafrance.com\/web\/wp-json\/wp\/v2\/comments?post=197"}],"version-history":[{"count":31,"href":"https:\/\/arapharmafrance.com\/web\/wp-json\/wp\/v2\/pages\/197\/revisions"}],"predecessor-version":[{"id":377,"href":"https:\/\/arapharmafrance.com\/web\/wp-json\/wp\/v2\/pages\/197\/revisions\/377"}],"wp:attachment":[{"href":"https:\/\/arapharmafrance.com\/web\/wp-json\/wp\/v2\/media?parent=197"}],"curies":[{"name":"wp","href":"https:\/\/api.w.org\/{rel}","templated":true}]}}