{"id":17,"date":"2020-08-28T16:44:28","date_gmt":"2020-08-28T14:44:28","guid":{"rendered":"https:\/\/arapharmafrance.com\/web\/?page_id=17"},"modified":"2020-08-28T16:44:56","modified_gmt":"2020-08-28T14:44:56","slug":"environnement","status":"publish","type":"page","link":"https:\/\/arapharmafrance.com\/web\/environnement\/","title":{"rendered":"ENVIRONNEMENT"},"content":{"rendered":"\n<h4 class=\"wp-block-heading\">Arafarma Group<\/h4>\n\n\n\n<p>Nous sommes engag\u00e9s avec l\u2019environnement et nous appliquons une politique environnementale bas\u00e9e sur plusieurs d\u00e9marches telles que :<\/p>\n\n\n\n<ul class=\"wp-block-list\" type=\"1\"><li><strong>Le recyclage :<\/strong><\/li><\/ul>\n\n\n\n<p>Tri s\u00e9lectif des d\u00e9chets assimilables \u00e0 l\u2019industrie, avec diff\u00e9rents gestionnaires accr\u00e9dit\u00e9s de d\u00e9chets industriels, informatiques et sanitaires, autant pour les d\u00e9chets de production que pour l\u2019\u00e9limination des produits p\u00e9rim\u00e9s, nous collaborons activement avec SIGRE (Syst\u00e8me Int\u00e9gr\u00e9 de Gestion des R\u00e9sidus et des Emballages) dans ce cas pr\u00e9cis.<\/p>\n\n\n\n<ul class=\"wp-block-list\"><li><strong>Minimisation des \u00e9missions dans l\u2019environnement :<\/strong><\/li><\/ul>\n\n\n\n<p><em>Bruit, particules, gaz de combustion, etc.&nbsp;\u00bb<\/em><\/p>\n\n\n\n<ul class=\"wp-block-list\"><li><strong>\u00c9conomie d\u2019\u00e9nergie :<\/strong><\/li><\/ul>\n\n\n\n<p>Les \u00e9conomies d\u2019\u00e9nergie et des ressources hydrauliques sont les axes fondamentaux de notre politique de conservation suivant un processus d\u2019am\u00e9lioration continue dans ces milieux limit\u00e9s et ayant un impact sur l\u2019empreinte carbone.<\/p>\n","protected":false},"excerpt":{"rendered":"<p>Arafarma Group Nous sommes engag\u00e9s avec l\u2019environnement et nous appliquons une politique environnementale bas\u00e9e sur plusieurs d\u00e9marches telles que : Le recyclage : Tri s\u00e9lectif des d\u00e9chets assimilables \u00e0 l\u2019industrie, avec diff\u00e9rents gestionnaires accr\u00e9dit\u00e9s de d\u00e9chets industriels, informatiques et sanitaires, autant pour les d\u00e9chets de production que pour l\u2019\u00e9limination des produits p\u00e9rim\u00e9s, nous collaborons activement [&hellip;]<\/p>\n","protected":false},"author":1,"featured_media":0,"parent":0,"menu_order":0,"comment_status":"closed","ping_status":"closed","template":"","meta":{"footnotes":""},"class_list":["post-17","page","type-page","status-publish","hentry"],"_links":{"self":[{"href":"https:\/\/arapharmafrance.com\/web\/wp-json\/wp\/v2\/pages\/17","targetHints":{"allow":["GET"]}}],"collection":[{"href":"https:\/\/arapharmafrance.com\/web\/wp-json\/wp\/v2\/pages"}],"about":[{"href":"https:\/\/arapharmafrance.com\/web\/wp-json\/wp\/v2\/types\/page"}],"author":[{"embeddable":true,"href":"https:\/\/arapharmafrance.com\/web\/wp-json\/wp\/v2\/users\/1"}],"replies":[{"embeddable":true,"href":"https:\/\/arapharmafrance.com\/web\/wp-json\/wp\/v2\/comments?post=17"}],"version-history":[{"count":2,"href":"https:\/\/arapharmafrance.com\/web\/wp-json\/wp\/v2\/pages\/17\/revisions"}],"predecessor-version":[{"id":19,"href":"https:\/\/arapharmafrance.com\/web\/wp-json\/wp\/v2\/pages\/17\/revisions\/19"}],"wp:attachment":[{"href":"https:\/\/arapharmafrance.com\/web\/wp-json\/wp\/v2\/media?parent=17"}],"curies":[{"name":"wp","href":"https:\/\/api.w.org\/{rel}","templated":true}]}}