{"id":13,"date":"2020-08-28T16:38:55","date_gmt":"2020-08-28T14:38:55","guid":{"rendered":"https:\/\/arapharmafrance.com\/web\/?page_id=13"},"modified":"2020-08-28T16:38:55","modified_gmt":"2020-08-28T14:38:55","slug":"historique","status":"publish","type":"page","link":"https:\/\/arapharmafrance.com\/web\/historique\/","title":{"rendered":"HISTORIQUE"},"content":{"rendered":"\n<p><strong>ARAFARMA GROUP&nbsp;<\/strong>a d\u00e9marr\u00e9 ses activit\u00e9s en juillet 2004 en tant qu\u2019entrep\u00f4t de stockage pour les laboratoires pharmaceutiques, di\u00e9t\u00e9tiques, compl\u00e9ments alimentaires, produits de sant\u00e9 et cosm\u00e9tiques.<\/p>\n\n\n\n<p>En mars 2005, ARAFARMA Group obtient l\u2019autorisation de fabriquer et commercialiser les produits pharmaceutiques, plus tard, les produits sanitaires de pharmacie, cosm\u00e9tiques, di\u00e9t\u00e9tiques et les compl\u00e9ments alimentaires.<\/p>\n\n\n\n<p>La plus grande valeur du Groupe ARAFARMA repose sur l\u2019exp\u00e9rience et la qualit\u00e9 des professionnels qui ont particip\u00e9s au projet, provenant des diff\u00e9rentes corporations pharmaceutiques ; leur connaissance des diff\u00e9rents m\u00e9tiers de la pharmacie ont fortement contribu\u00e9 \u00e0 notre r\u00e9ussite.<\/p>\n","protected":false},"excerpt":{"rendered":"<p>ARAFARMA GROUP&nbsp;a d\u00e9marr\u00e9 ses activit\u00e9s en juillet 2004 en tant qu\u2019entrep\u00f4t de stockage pour les laboratoires pharmaceutiques, di\u00e9t\u00e9tiques, compl\u00e9ments alimentaires, produits de sant\u00e9 et cosm\u00e9tiques. En mars 2005, ARAFARMA Group obtient l\u2019autorisation de fabriquer et commercialiser les produits pharmaceutiques, plus tard, les produits sanitaires de pharmacie, cosm\u00e9tiques, di\u00e9t\u00e9tiques et les compl\u00e9ments alimentaires. La plus grande [&hellip;]<\/p>\n","protected":false},"author":1,"featured_media":0,"parent":0,"menu_order":0,"comment_status":"closed","ping_status":"closed","template":"","meta":{"footnotes":""},"class_list":["post-13","page","type-page","status-publish","hentry"],"_links":{"self":[{"href":"https:\/\/arapharmafrance.com\/web\/wp-json\/wp\/v2\/pages\/13","targetHints":{"allow":["GET"]}}],"collection":[{"href":"https:\/\/arapharmafrance.com\/web\/wp-json\/wp\/v2\/pages"}],"about":[{"href":"https:\/\/arapharmafrance.com\/web\/wp-json\/wp\/v2\/types\/page"}],"author":[{"embeddable":true,"href":"https:\/\/arapharmafrance.com\/web\/wp-json\/wp\/v2\/users\/1"}],"replies":[{"embeddable":true,"href":"https:\/\/arapharmafrance.com\/web\/wp-json\/wp\/v2\/comments?post=13"}],"version-history":[{"count":1,"href":"https:\/\/arapharmafrance.com\/web\/wp-json\/wp\/v2\/pages\/13\/revisions"}],"predecessor-version":[{"id":14,"href":"https:\/\/arapharmafrance.com\/web\/wp-json\/wp\/v2\/pages\/13\/revisions\/14"}],"wp:attachment":[{"href":"https:\/\/arapharmafrance.com\/web\/wp-json\/wp\/v2\/media?parent=13"}],"curies":[{"name":"wp","href":"https:\/\/api.w.org\/{rel}","templated":true}]}}