{"id":11,"date":"2020-08-28T16:37:39","date_gmt":"2020-08-28T14:37:39","guid":{"rendered":"https:\/\/arapharmafrance.com\/web\/?page_id=11"},"modified":"2020-08-28T16:37:40","modified_gmt":"2020-08-28T14:37:40","slug":"qui-nous-sommes","status":"publish","type":"page","link":"https:\/\/arapharmafrance.com\/web\/qui-nous-sommes\/","title":{"rendered":"QUI NOUS SOMMES"},"content":{"rendered":"\n<h2 class=\"wp-block-heading\">ARAFARMA GROUP<\/h2>\n\n\n\n<p>Entreprise sp\u00e9cialis\u00e9e dans les sciences de la sant\u00e9, avec pour philosophie:<\/p>\n\n\n\n<p class=\"has-pale-cyan-blue-background-color has-background\"><em><strong>QUALIT\u00c9 ET INNOVATION<\/strong><\/em><\/p>\n\n\n\n<p>Vou\u00e9 \u00e0 la Recherche et en tant que producteur, le Groupe Arafarma centre son activit\u00e9 principale sur tous les produits permettant de r\u00e9soudre les probl\u00e8mes de sant\u00e9. Les efforts pour maintenir la qualit\u00e9, la s\u00e9curit\u00e9 et l\u2019efficacit\u00e9 ont permis d\u2019atteindre les objectifs scientifiques et sociaux fix\u00e9s par Arafarma Group gr\u00e2ce \u00e0 la Recherche et au D\u00e9veloppement.<\/p>\n\n\n\n<p><strong>Arafarma&nbsp;Group<\/strong>&nbsp;recherche, d\u00e9veloppe, produit et commercialise ses produits pharmaceutiques, sanitaires, cosm\u00e9tiques et di\u00e9t\u00e9tiques couvrant un large \u00e9ventail de domaines th\u00e9rapeutiques, principalement ax\u00e9s sur la douleur et en particulier sur la douleur ost\u00e9o-articulaire, la Gyn\u00e9cologie, l\u2019Urologie et la Dermatologie, les domaines de la M\u00e9decine G\u00e9n\u00e9rale et les produits de comptoir OTC, ainsi que certains produits aidant \u00e0 supporter des situations particuli\u00e8res telles que les pathologies oncologiques, cardiovasculaires, du Syst\u00e8me Nerveux Central, et autres.<\/p>\n\n\n\n<p>Arafarma Group est toujours pr\u00eat \u00e0 relever le d\u00e9fi que tout clinicien peut pr\u00e9senter afin de r\u00e9soudre un probl\u00e8me de sant\u00e9.<\/p>\n\n\n\n<p>Pour l\u2019\u00e9quipe du Groupe Arafarma,<\/p>\n\n\n\n<p class=\"has-pale-cyan-blue-background-color has-background\"><em><strong>INVENTER C\u2019EST VIVRE<\/strong><\/em><\/p>\n\n\n\n<p>Nous comptons pour cela sur des groupes de recherche en CHIMIE, PHARMACOLOGIE, PHARMACOCIN\u00c9TIQUE, GAL\u00c9NIQUE ET CLINIQUE qui constituent la R &amp;D du Groupe Arafarma.<\/p>\n","protected":false},"excerpt":{"rendered":"<p>ARAFARMA GROUP Entreprise sp\u00e9cialis\u00e9e dans les sciences de la sant\u00e9, avec pour philosophie: QUALIT\u00c9 ET INNOVATION Vou\u00e9 \u00e0 la Recherche et en tant que producteur, le Groupe Arafarma centre son activit\u00e9 principale sur tous les produits permettant de r\u00e9soudre les probl\u00e8mes de sant\u00e9. Les efforts pour maintenir la qualit\u00e9, la s\u00e9curit\u00e9 et l\u2019efficacit\u00e9 ont permis [&hellip;]<\/p>\n","protected":false},"author":1,"featured_media":0,"parent":0,"menu_order":0,"comment_status":"closed","ping_status":"closed","template":"","meta":{"footnotes":""},"class_list":["post-11","page","type-page","status-publish","hentry"],"_links":{"self":[{"href":"https:\/\/arapharmafrance.com\/web\/wp-json\/wp\/v2\/pages\/11","targetHints":{"allow":["GET"]}}],"collection":[{"href":"https:\/\/arapharmafrance.com\/web\/wp-json\/wp\/v2\/pages"}],"about":[{"href":"https:\/\/arapharmafrance.com\/web\/wp-json\/wp\/v2\/types\/page"}],"author":[{"embeddable":true,"href":"https:\/\/arapharmafrance.com\/web\/wp-json\/wp\/v2\/users\/1"}],"replies":[{"embeddable":true,"href":"https:\/\/arapharmafrance.com\/web\/wp-json\/wp\/v2\/comments?post=11"}],"version-history":[{"count":1,"href":"https:\/\/arapharmafrance.com\/web\/wp-json\/wp\/v2\/pages\/11\/revisions"}],"predecessor-version":[{"id":12,"href":"https:\/\/arapharmafrance.com\/web\/wp-json\/wp\/v2\/pages\/11\/revisions\/12"}],"wp:attachment":[{"href":"https:\/\/arapharmafrance.com\/web\/wp-json\/wp\/v2\/media?parent=11"}],"curies":[{"name":"wp","href":"https:\/\/api.w.org\/{rel}","templated":true}]}}